{"id":306,"date":"2018-09-20T14:51:45","date_gmt":"2018-09-20T14:51:45","guid":{"rendered":"https:\/\/www.marie-picard.com\/?page_id=306"},"modified":"2021-06-26T14:24:29","modified_gmt":"2021-06-26T14:24:29","slug":"exposition-marie-picard","status":"publish","type":"page","link":"https:\/\/www.marie-picard.com\/index.php\/exposition-marie-picard\/","title":{"rendered":"Exposition marie picard"},"content":{"rendered":"\t\t<div data-elementor-type=\"wp-post\" data-elementor-id=\"306\" class=\"elementor elementor-306 elementor-bc-flex-widget\" data-elementor-settings=\"[]\">\n\t\t\t\t\t\t<div class=\"elementor-inner\">\n\t\t\t\t\t\t\t<div class=\"elementor-section-wrap\">\n\t\t\t\t\t\t\t<section class=\"elementor-section elementor-top-section elementor-element elementor-element-7a6df62 elementor-section-boxed elementor-section-height-default elementor-section-height-default\" data-id=\"7a6df62\" data-element_type=\"section\">\n\t\t\t\t\t\t<div class=\"elementor-container elementor-column-gap-default\">\n\t\t\t\t\t\t\t<div class=\"elementor-row\">\n\t\t\t\t\t<div class=\"elementor-column elementor-col-100 elementor-top-column elementor-element elementor-element-fd636ef\" data-id=\"fd636ef\" data-element_type=\"column\">\n\t\t\t<div class=\"elementor-column-wrap elementor-element-populated\">\n\t\t\t\t\t\t\t<div class=\"elementor-widget-wrap\">\n\t\t\t\t\t\t<div class=\"elementor-element elementor-element-18e985b elementor-widget elementor-widget-heading\" data-id=\"18e985b\" data-element_type=\"widget\" data-widget_type=\"heading.default\">\n\t\t\t\t<div class=\"elementor-widget-container\">\n\t\t\t<h2 class=\"elementor-heading-title elementor-size-default\">Parcours<\/h2>\t\t<\/div>\n\t\t\t\t<\/div>\n\t\t\t\t<div class=\"elementor-element elementor-element-eb717b9 elementor-widget elementor-widget-text-editor\" data-id=\"eb717b9\" data-element_type=\"widget\" data-widget_type=\"text-editor.default\">\n\t\t\t\t<div class=\"elementor-widget-container\">\n\t\t\t\t\t\t\t\t<div class=\"elementor-text-editor elementor-clearfix\">\n\t\t\t\t<p>Apr\u00e8s une formation aux Beaux Arts de N\u00eemes, notamment en C\u00e9ramique, et aupr\u00e8s de c\u00e9ramistes, j&rsquo;ai collabor\u00e9 au travail de l&rsquo;atelier le \u00ab\u00a0Son de la Terre\u00a0\u00bb.\u00a0<span style=\"font-size: 14px;\">Par la suite mes comp\u00e9tences, \u00a0en cr\u00e9ation instrumentale, se sont affin\u00e9es au contact des facteurs d&rsquo;instruments de musique avec qui je partage cette passion.\u00a0<\/span><span style=\"font-size: 14px;\">Je cr\u00e9e des c\u00e9ramiques musicales depuis 1993 et \u00a0dans mon propre atelier depuis 2 000.\u00a0<\/span><span style=\"font-size: 14px;\">Mon travail int\u00e9resse les collectionneurs, conteurs, et musiciens de toutes esth\u00e9tiques.<\/span><\/p>\t\t\t\t\t<\/div>\n\t\t\t\t\t\t<\/div>\n\t\t\t\t<\/div>\n\t\t\t\t<div class=\"elementor-element elementor-element-827e31d elementor-widget elementor-widget-heading\" data-id=\"827e31d\" data-element_type=\"widget\" data-widget_type=\"heading.default\">\n\t\t\t\t<div class=\"elementor-widget-container\">\n\t\t\t<h2 class=\"elementor-heading-title elementor-size-default\">Les principales expositions<\/h2>\t\t<\/div>\n\t\t\t\t<\/div>\n\t\t\t\t<div class=\"elementor-element elementor-element-f97c2df elementor-widget elementor-widget-text-editor\" data-id=\"f97c2df\" data-element_type=\"widget\" data-widget_type=\"text-editor.default\">\n\t\t\t\t<div class=\"elementor-widget-container\">\n\t\t\t\t\t\t\t\t<div class=\"elementor-text-editor elementor-clearfix\">\n\t\t\t\t\t\t\t\t\t<\/div>\n\t\t\t\t\t\t<\/div>\n\t\t\t\t<\/div>\n\t\t\t\t<div class=\"elementor-element elementor-element-41d9d70 elementor-widget elementor-widget-text-editor\" data-id=\"41d9d70\" data-element_type=\"widget\" data-widget_type=\"text-editor.default\">\n\t\t\t\t<div class=\"elementor-widget-container\">\n\t\t\t\t\t\t\t\t<div class=\"elementor-text-editor elementor-clearfix\">\n\t\t\t\t<div class=\"post-share-buttons post-share-buttons-top\"><div class=\"byline post-share-buttons goog-inline-block\"><div class=\"sharing\" aria-owns=\"sharing-popup-Blog1-byline-7660640813130046651\" data-title=\"Exposition au Festival Le Son Continu\"><h2>2021<\/h2><p>29 aout 2021 : <a style=\"font-size: 14px; background-color: #ffffff;\" href=\"http:\/\/www.palissade.fr\/camargue\/\" target=\"_blank\" rel=\"noopener\">Domaine de la Palissade<\/a><span style=\"font-size: 14px;\"> (13)<\/span><\/p><p>17 au 23 juin : Biblioth\u00e8que de Garrigues -St Eulalie (30)\u00a0<\/p><h2>2020<\/h2><p>22-23 Aout : Artiste invit\u00e9 au march\u00e9 de c\u00e9ramique de la Chaise Dieu (43)<br \/>30 Aout : Exposition au Domaine de la Palissade Arles (13)<\/p><h2><strong>2019<\/strong><\/h2><p>Du 7 d\u00e9cembre au 4 janvier 2020 exposition \u00e0 la <a href=\"http:\/\/www.kaolin-ceramique.com\/\">boutique Kaolin<\/a> \u00e0 Saint Quentin la Poterie (30)<br \/>14 et 15 d\u00e9cembre &#8211; <a href=\"http:\/\/www.museedelacamargue.com\/\">Mus\u00e9e de la Camargue<\/a> &#8211; Arles (13)<br \/><span style=\"font-size: 14px;\">25 ao\u00fbt <\/span><a style=\"font-size: 14px; background-color: #ffffff;\" href=\"http:\/\/www.palissade.fr\/camargue\/\" target=\"_blank\" rel=\"noopener\">Domaine de la Palissade<\/a><span style=\"font-size: 14px;\"> (13)<br \/><\/span><span style=\"font-size: 14px;\">3 ao\u00fbt Saint Rapha\u00ebl (83)<br \/><\/span><a style=\"font-size: 14px; background-color: #ffffff;\" href=\"http:\/\/www.lesoncontinu.fr\/\" target=\"_blank\" rel=\"noopener\">11 au 14 juillet<\/a><span style=\"font-size: 14px;\"> \u00ab\u00a0Le son continu\u00a0\u00bb Ch\u00e2teau d&rsquo;Ars (36)<br \/><\/span><a style=\"font-size: 14px; background-color: #ffffff;\" href=\"https:\/\/locepon.pagesperso-orange.fr\/laconque\/laconque.htm\" target=\"_blank\" rel=\"noopener\">5 et 6 juillet<\/a><span style=\"font-size: 14px;\"> \u00ab\u00a0la f\u00eate de la conque\u00a0\u00bb Vence (06)<br \/><\/span><a style=\"font-size: 14px; background-color: #ffffff;\" href=\"http:\/\/cimmducielauxmarges.org\/expositions-salons\/\" target=\"_blank\" rel=\"noopener\">24 et 25 mai<\/a><span style=\"font-size: 14px;\"> Festival de musique m\u00e9di\u00e9vale &#8211; Saint Guilhem le D\u00e9sert (34)\u00a0<\/span><\/p><h2>2018<\/h2><div><a style=\"background-color: #ffffff;\" href=\"http:\/\/www.museedelacamargue.com\/index.php\/le-programme\">15 et 16 d\u00e9cembre<\/a>\u00a0\u00ab\u00a0No\u00ebl Gardian\u00a0\u00bb<br \/>Mus\u00e9e de la Camargue\u00a0ARLES (13)<span style=\"font-size: inherit;\">\u00a0<\/span><\/div><div><div><a href=\"http:\/\/music-ceret.com\/festa-del-joglar\/\">22 septembre<\/a>\u00a0\u00ab\u00a0Festa del joglar\u00a0\u00bb \u00e0 C\u00e9ret (66)<\/div><div>26 ao\u00fbt au Parc Naturel de Camargue &#8211;\u00a0<a href=\"http:\/\/www.palissade.fr\/camargue\/\">Domaine de la Palissade<\/a> &#8211; Salin de Giraud (13)<\/div><\/div><\/div><\/div><\/div><div class=\"post-header\"><div class=\"post-header-line-1\"><p>\u00a013 au 16 juillet\u00a0 au \u00a0\u00bb Le Son Continu\u00a0\u00bb chateau d&rsquo;Ars (36)<\/p><\/div><\/div><div>\u00a0<\/div><div class=\"post-header\"><h3 class=\"post-header-line-1\">2017<\/h3><p class=\"post-header-line-1\">16 et 17 d\u00e9cembre \u00ab\u00a0Noel Gardian\u00a0\u00bb\u00a0Mus\u00e9e de la Camargue\u00a0ARLES (13)<br \/><span style=\"font-size: inherit;\">\u00a0<\/span><span style=\"font-size: inherit;\">23 septembre\u00a0 \u00ab\u00a0Festa del joglar\u00a0\u00bb \u00e0 C\u00e9ret<br \/><\/span>14 au 16 juillet \u00ab\u00a0Le son continu\u00a0\u00bb au Chateaux d&rsquo;Ars (36)<\/p><h3>2016<\/h3><\/div><p>Ch\u00e2teau d\u2019Ars\u2013 Festival de c\u00e9ramique d\u2019Anduze (30)<br \/><span style=\"font-size: 14px;\">\u00a0Ch\u00e2teau Lacoste N\u00eemes\u00a0 (30)\u00a0 \u00a0<\/span><\/p><h3>2015<\/h3><p>Ch\u00e2teau d\u2019Ars La Chatre (36)<br \/><span style=\"font-size: 14px;\">Festa del Joglar \u00e0 ceret (66)<\/span><\/p><h3>2014<\/h3><p>M\u00e9diath\u00e8que de Narbonne (11)<br \/><span style=\"font-size: 14px;\">\u00ab\u00a0Kaolin\u00a0\u00bb\u00a0saint Quentin la Poterie<\/span><\/p><h3>2013<\/h3><p>\u00ab\u00a0Kaolin\u00a0\u00bb \u00e0 Saint Quentin la Poterie (30)<br \/><span style=\"font-size: 14px;\">Uzech les Oules (46)<\/span><\/p><h3>2012<\/h3><p>Espace 110 \u00e0 Illzach (68)<br \/><span style=\"font-size: 14px;\">Salon de c\u00e9ramique contemporaine Pont de l\u2019Arche (27)<br \/><\/span><span style=\"font-size: 14px;\">\u00a0Keramiek Centrum Tiendschuur \u00e0 Tegelen (Pays-Bas)<\/span><\/p><h3>2011<\/h3><p>Oustal d\u2019Occitania \u00e0 Toulouse (31)<br \/><span style=\"font-size: 14px;\">Festival de C\u00e9ramique d\u2019Anduze (30)<br \/><\/span><span style=\"font-size: 14px;\">M\u00e9diath\u00e8que de Salon de Provence (13)<\/span><\/p><h3>2010<\/h3><p>Mus\u00e9e R\u00e9gional de la poterie de Ger (50)<br \/><span style=\"font-size: 14px;\">Les M\u00e9di\u00e9vales de l\u2019Argenti\u00e8re (07)<\/span><\/p><h3>2009<\/h3><p>Maison de la pierre \u00e0 Castillon du Gard (30)<br \/><span style=\"font-size: 14px;\">Espace Baune aux Beaux en Provence (13)<\/span><\/p><h3>2008<\/h3><p>\u00ab\u00a0Le Bleu\u00a0\u00bb Cit\u00e9 de la c\u00e9ramique Biennale de Saint Etienne (63)<br \/><span style=\"font-size: 14px;\">\u00ab\u00a0Argilla\u00a0\u00bb Aubagne (13)<br \/><\/span><span style=\"font-size: 14px;\">\u00a0Exposition personnelle \u00e0 la Galerie \u00ab\u00a0Espace Cr\u00e9ative\u00a0\u00bb<\/span><span style=\"font-size: 14px;\">Montpellier (34)<br \/><\/span><span style=\"font-size: 14px;\">\u00a0Espace Baune aux Beaux en Provence (13)<\/span><\/p><h3>2007<\/h3><p>Exposition personnelle \u00e0 l\u2019Espace Cr\u00e9ativa \u00e0 Montpellier<br \/><span style=\"font-size: 14px;\">Rencontres \u00ab\u00a0Femme Artiste, tout un Art\u00a0\u00bb au Centre d\u2019Art Contemporain de BRIANCON (05)<br \/><\/span><span style=\"font-size: 14px;\">\u00ab\u00a0Sculptures au F\u00e9minin\u00a0\u00bb \u00e0 Issoire (63)<\/span><\/p><h3>2006<\/h3><p>Exposition personnelle \u00e0 l\u2019Espace Cr\u00e9ativa \u00e0 MONTPELLIER (34)<br \/><span style=\"font-size: 14px;\">Argilla \u00e0 AUBAGNE (13)<br \/><\/span><span style=\"font-size: 14px;\">Cit\u00e9 de la c\u00e9ramique \u00e0 Artis\u2019art \u00e0 ST ETIENNE<\/span><\/p><h3>2005<\/h3><p>Exposition personnelle \u00e0 l\u2019Espace Cr\u00e9ativa \u00e0 Montpellier (34)<br \/><span style=\"font-size: 14px;\">Rencontre de c\u00e9ramique de LA ROCHELLE (17)<br \/><\/span><span style=\"font-size: 14px;\">Journ\u00e9es de la Harpe \u00e0\u00a0\u00a0ARLES(13).<\/span><\/p><h3>2004<\/h3><p>Mairie de TRETS (13)<br \/><span style=\"font-size: 14px;\">Espace Costi\u00e8res et clo\u00eetre des J\u00e9suites \u00e0 N\u00eemes (Gard)<br \/><\/span><span style=\"font-size: 14px;\">Festival international de C\u00e9ramique de MONTBLANC ( Catalogne Sud \u2013 Espagne)<br \/><\/span><span style=\"font-size: 14px;\">Journ\u00e9es de la Harpe \u00e0 ARLES (13).<\/span><\/p><h3>2003<\/h3><p>Rencontres Internationales de C\u00e9ramique d\u2019ARGENTONA (Catalogne Sud \u2013\u00a0 Espagne).<\/p><h3>2002<\/h3><p>Le Printemps du Ch\u00e2teau \u00e0 TRETS (13)<br \/><span style=\"font-size: 14px;\">Passage des Arts \u00e0 SOMMIERES (30)<\/span><\/p><h3>2001<\/h3><p>AIX en PROVENCE (13 <span style=\"font-size: 14px;\">L\u2019Oustau de Proven\u00e7a <\/span><\/p><p><span style=\"font-size: 14px;\">M\u00e9diath\u00e8que G.Brassens \u00e0 SETE (34).<\/span><\/p><h3>2000<\/h3><p>Biennale de Vallauris avec le Son de la Terre<\/p>\t\t\t\t\t<\/div>\n\t\t\t\t\t\t<\/div>\n\t\t\t\t<\/div>\n\t\t\t\t\t\t<\/div>\n\t\t\t\t\t<\/div>\n\t\t<\/div>\n\t\t\t\t\t\t\t\t<\/div>\n\t\t\t\t\t<\/div>\n\t\t<\/section>\n\t\t\t\t<section class=\"elementor-section elementor-top-section elementor-element elementor-element-5ba812a elementor-section-boxed elementor-section-height-default elementor-section-height-default\" data-id=\"5ba812a\" data-element_type=\"section\">\n\t\t\t\t\t\t<div class=\"elementor-container elementor-column-gap-default\">\n\t\t\t\t\t\t\t<div class=\"elementor-row\">\n\t\t\t\t\t<div class=\"elementor-column elementor-col-50 elementor-top-column elementor-element elementor-element-9cae98d\" data-id=\"9cae98d\" data-element_type=\"column\">\n\t\t\t<div class=\"elementor-column-wrap\">\n\t\t\t\t\t\t\t<div class=\"elementor-widget-wrap\">\n\t\t\t\t\t\t\t\t<\/div>\n\t\t\t\t\t<\/div>\n\t\t<\/div>\n\t\t\t\t<div class=\"elementor-column elementor-col-50 elementor-top-column elementor-element elementor-element-a348814\" data-id=\"a348814\" data-element_type=\"column\">\n\t\t\t<div class=\"elementor-column-wrap elementor-element-populated\">\n\t\t\t\t\t\t\t<div class=\"elementor-widget-wrap\">\n\t\t\t\t\t\t<div class=\"elementor-element elementor-element-37c654f elementor-widget elementor-widget-text-editor\" data-id=\"37c654f\" data-element_type=\"widget\" data-widget_type=\"text-editor.default\">\n\t\t\t\t<div class=\"elementor-widget-container\">\n\t\t\t\t\t\t\t\t<div class=\"elementor-text-editor elementor-clearfix\">\n\t\t\t\t\t\t\t\t\t<\/div>\n\t\t\t\t\t\t<\/div>\n\t\t\t\t<\/div>\n\t\t\t\t<div class=\"elementor-element elementor-element-2d1e74d elementor-widget elementor-widget-text-editor\" data-id=\"2d1e74d\" data-element_type=\"widget\" data-widget_type=\"text-editor.default\">\n\t\t\t\t<div class=\"elementor-widget-container\">\n\t\t\t\t\t\t\t\t<div class=\"elementor-text-editor elementor-clearfix\">\n\t\t\t\t\t\t\t\t\t<\/div>\n\t\t\t\t\t\t<\/div>\n\t\t\t\t<\/div>\n\t\t\t\t<div class=\"elementor-element elementor-element-0cd5339 elementor-widget elementor-widget-text-editor\" data-id=\"0cd5339\" data-element_type=\"widget\" data-widget_type=\"text-editor.default\">\n\t\t\t\t<div class=\"elementor-widget-container\">\n\t\t\t\t\t\t\t\t<div class=\"elementor-text-editor elementor-clearfix\">\n\t\t\t\t\t\t\t\t\t<\/div>\n\t\t\t\t\t\t<\/div>\n\t\t\t\t<\/div>\n\t\t\t\t\t\t<\/div>\n\t\t\t\t\t<\/div>\n\t\t<\/div>\n\t\t\t\t\t\t\t\t<\/div>\n\t\t\t\t\t<\/div>\n\t\t<\/section>\n\t\t\t\t\t\t<\/div>\n\t\t\t\t\t\t<\/div>\n\t\t\t\t\t<\/div>\n\t\t","protected":false},"excerpt":{"rendered":"<p>Parcours Apr\u00e8s une formation aux Beaux Arts de N\u00eemes, notamment en C\u00e9ramique, et aupr\u00e8s de c\u00e9ramistes, j&rsquo;ai collabor\u00e9 au travail de l&rsquo;atelier le \u00ab\u00a0Son de la Terre\u00a0\u00bb.\u00a0Par la suite mes comp\u00e9tences, \u00a0en cr\u00e9ation instrumentale, se sont affin\u00e9es au contact des facteurs d&rsquo;instruments de musique avec qui je partage cette passion.\u00a0Je cr\u00e9e des c\u00e9ramiques musicales depuis [&hellip;]<\/p>\n","protected":false},"author":1,"featured_media":0,"parent":0,"menu_order":0,"comment_status":"closed","ping_status":"closed","template":"","meta":[],"_links":{"self":[{"href":"https:\/\/www.marie-picard.com\/index.php\/wp-json\/wp\/v2\/pages\/306"}],"collection":[{"href":"https:\/\/www.marie-picard.com\/index.php\/wp-json\/wp\/v2\/pages"}],"about":[{"href":"https:\/\/www.marie-picard.com\/index.php\/wp-json\/wp\/v2\/types\/page"}],"author":[{"embeddable":true,"href":"https:\/\/www.marie-picard.com\/index.php\/wp-json\/wp\/v2\/users\/1"}],"replies":[{"embeddable":true,"href":"https:\/\/www.marie-picard.com\/index.php\/wp-json\/wp\/v2\/comments?post=306"}],"version-history":[{"count":46,"href":"https:\/\/www.marie-picard.com\/index.php\/wp-json\/wp\/v2\/pages\/306\/revisions"}],"predecessor-version":[{"id":873,"href":"https:\/\/www.marie-picard.com\/index.php\/wp-json\/wp\/v2\/pages\/306\/revisions\/873"}],"wp:attachment":[{"href":"https:\/\/www.marie-picard.com\/index.php\/wp-json\/wp\/v2\/media?parent=306"}],"curies":[{"name":"wp","href":"https:\/\/api.w.org\/{rel}","templated":true}]}}