{"id":149,"date":"2018-06-18T12:37:46","date_gmt":"2018-06-18T12:37:46","guid":{"rendered":"https:\/\/www.marie-picard.com\/?post_type=product&#038;p=149"},"modified":"2020-11-26T18:08:41","modified_gmt":"2020-11-26T18:08:41","slug":"ocarina-collier-egypt","status":"publish","type":"product","link":"https:\/\/www.marie-picard.com\/index.php\/produit\/ocarina-collier-egypt\/","title":{"rendered":"Ocarina collier chromatique"},"content":{"rendered":"<p>(\u00a0Egypt-P1)<\/p>\n","protected":false},"excerpt":{"rendered":"<p>Instrument\u00a0: Fl\u00fbte globulaire chromatique<\/p>\n<p>Taille : H: 3,5 cm\u00a0 L : 7cm\u00a0 l: 7 cm<\/p>\n<p>Tessiture: Une octave chromatique avec les 5 trous du dessus + 2 tons au dessus de l&rsquo;octave avec 2 trous\u00a0 dessous l&rsquo;instrument<\/p>\n<p>Tonalit\u00e9: Fa<\/p>\n<p>Technique : Terre \u00e0 fa\u00efence blanche polie cuite en r\u00e9duction avec des d\u00e9cors imprim\u00e9s et touche d&rsquo;\u00e9mail rouge. Cordon en coton rouge.<\/p>\n<p>La tablature est fournie avec l&rsquo;ocarina<\/p>\n<p>&nbsp;<\/p>\n","protected":false},"featured_media":821,"comment_status":"open","ping_status":"closed","template":"","meta":[],"product_cat":[19,18],"product_tag":[],"_links":{"self":[{"href":"https:\/\/www.marie-picard.com\/index.php\/wp-json\/wp\/v2\/product\/149"}],"collection":[{"href":"https:\/\/www.marie-picard.com\/index.php\/wp-json\/wp\/v2\/product"}],"about":[{"href":"https:\/\/www.marie-picard.com\/index.php\/wp-json\/wp\/v2\/types\/product"}],"replies":[{"embeddable":true,"href":"https:\/\/www.marie-picard.com\/index.php\/wp-json\/wp\/v2\/comments?post=149"}],"wp:featuredmedia":[{"embeddable":true,"href":"https:\/\/www.marie-picard.com\/index.php\/wp-json\/wp\/v2\/media\/821"}],"wp:attachment":[{"href":"https:\/\/www.marie-picard.com\/index.php\/wp-json\/wp\/v2\/media?parent=149"}],"wp:term":[{"taxonomy":"product_cat","embeddable":true,"href":"https:\/\/www.marie-picard.com\/index.php\/wp-json\/wp\/v2\/product_cat?post=149"},{"taxonomy":"product_tag","embeddable":true,"href":"https:\/\/www.marie-picard.com\/index.php\/wp-json\/wp\/v2\/product_tag?post=149"}],"curies":[{"name":"wp","href":"https:\/\/api.w.org\/{rel}","templated":true}]}}