{"id":169,"date":"2018-06-18T15:08:37","date_gmt":"2018-06-18T15:08:37","guid":{"rendered":"https:\/\/www.marie-picard.com\/?post_type=product&#038;p=169"},"modified":"2019-09-23T15:00:27","modified_gmt":"2019-09-23T15:00:27","slug":"barque-bleue-du-sud","status":"publish","type":"product","link":"https:\/\/www.marie-picard.com\/index.php\/produit\/barque-bleue-du-sud\/","title":{"rendered":"Barque bleue du Sud &#8211; Marimba"},"content":{"rendered":"","protected":false},"excerpt":{"rendered":"<p>Taille\u00a0:\u00a0H\u00a0: 30cm &#8211; L\u00a0: 57cm &#8211; l\u00a0: 37cm<\/p>\n<p>Instrument\u00a0: C\u00e9ramophone modal<\/p>\n<p>7 lames \u00e9maill\u00e9es bleu mat, d\u00e9cors \u00e0 l\u2019or, sur le mode:\u00a0Fa5-Sol#5-Si5-Do6-Mib6-Fa#6-La#6<\/p>\n<p>Caisse de r\u00e9sonance non compartiment\u00e9e en terre chamott\u00e9e blanche engob\u00e9e en bleu avec des d\u00e9cors gratt\u00e9s<\/p>\n","protected":false},"featured_media":298,"comment_status":"open","ping_status":"closed","template":"","meta":[],"product_cat":[24,23,33],"product_tag":[],"_links":{"self":[{"href":"https:\/\/www.marie-picard.com\/index.php\/wp-json\/wp\/v2\/product\/169"}],"collection":[{"href":"https:\/\/www.marie-picard.com\/index.php\/wp-json\/wp\/v2\/product"}],"about":[{"href":"https:\/\/www.marie-picard.com\/index.php\/wp-json\/wp\/v2\/types\/product"}],"replies":[{"embeddable":true,"href":"https:\/\/www.marie-picard.com\/index.php\/wp-json\/wp\/v2\/comments?post=169"}],"wp:featuredmedia":[{"embeddable":true,"href":"https:\/\/www.marie-picard.com\/index.php\/wp-json\/wp\/v2\/media\/298"}],"wp:attachment":[{"href":"https:\/\/www.marie-picard.com\/index.php\/wp-json\/wp\/v2\/media?parent=169"}],"wp:term":[{"taxonomy":"product_cat","embeddable":true,"href":"https:\/\/www.marie-picard.com\/index.php\/wp-json\/wp\/v2\/product_cat?post=169"},{"taxonomy":"product_tag","embeddable":true,"href":"https:\/\/www.marie-picard.com\/index.php\/wp-json\/wp\/v2\/product_tag?post=169"}],"curies":[{"name":"wp","href":"https:\/\/api.w.org\/{rel}","templated":true}]}}