{"id":312,"date":"2018-09-20T17:36:41","date_gmt":"2018-09-20T17:36:41","guid":{"rendered":"https:\/\/www.marie-picard.com\/?post_type=product&#038;p=312"},"modified":"2025-04-24T13:11:08","modified_gmt":"2025-04-24T13:11:08","slug":"galoubet-lezard","status":"publish","type":"product","link":"https:\/\/www.marie-picard.com\/index.php\/produit\/galoubet-lezard\/","title":{"rendered":"Galoubet L\u00e9zard"},"content":{"rendered":"","protected":false},"excerpt":{"rendered":"<p>Taille\u00a0 \u00a0H: 3,5 cm &#8211; L: 30 cm &#8211; l: 4,5 cm<\/p>\n<p>Instrument: Galoubet, fl\u00fbte \u00e0 trois trous<\/p>\n<p>tonalit\u00e9: Sol dit en la<\/p>\n<p>Technique: terre \u00e0 fa\u00efence blanche partiellement \u00e9maill\u00e9e<\/p>\n","protected":false},"featured_media":311,"comment_status":"open","ping_status":"closed","template":"","meta":[],"product_cat":[21,18],"product_tag":[],"_links":{"self":[{"href":"https:\/\/www.marie-picard.com\/index.php\/wp-json\/wp\/v2\/product\/312"}],"collection":[{"href":"https:\/\/www.marie-picard.com\/index.php\/wp-json\/wp\/v2\/product"}],"about":[{"href":"https:\/\/www.marie-picard.com\/index.php\/wp-json\/wp\/v2\/types\/product"}],"replies":[{"embeddable":true,"href":"https:\/\/www.marie-picard.com\/index.php\/wp-json\/wp\/v2\/comments?post=312"}],"wp:featuredmedia":[{"embeddable":true,"href":"https:\/\/www.marie-picard.com\/index.php\/wp-json\/wp\/v2\/media\/311"}],"wp:attachment":[{"href":"https:\/\/www.marie-picard.com\/index.php\/wp-json\/wp\/v2\/media?parent=312"}],"wp:term":[{"taxonomy":"product_cat","embeddable":true,"href":"https:\/\/www.marie-picard.com\/index.php\/wp-json\/wp\/v2\/product_cat?post=312"},{"taxonomy":"product_tag","embeddable":true,"href":"https:\/\/www.marie-picard.com\/index.php\/wp-json\/wp\/v2\/product_tag?post=312"}],"curies":[{"name":"wp","href":"https:\/\/api.w.org\/{rel}","templated":true}]}}