{"id":472,"date":"2018-11-11T13:09:44","date_gmt":"2018-11-11T13:09:44","guid":{"rendered":"https:\/\/www.marie-picard.com\/?post_type=product&#038;p=472"},"modified":"2019-06-10T11:29:08","modified_gmt":"2019-06-10T11:29:08","slug":"tambour-dane","status":"publish","type":"product","link":"https:\/\/www.marie-picard.com\/index.php\/produit\/tambour-dane\/","title":{"rendered":"Tambour d\u2019\u00e2ne"},"content":{"rendered":"","protected":false},"excerpt":{"rendered":"<p>D\u00e9cors aux engobes<\/p>\n<p>Taille\u00a0: H : 68 cm \u2013 L : 40 cm \u2013 l : 35 cm<\/p>\n<p>Instrument\u00a0: Duo de timbalettes<\/p>\n<p>Technique\u00a0: Terre chamott\u00e9e rouge,d\u00e9cors \u00e0 l\u2019engobe<\/p>\n<p>Peau de ch\u00e8vre<\/p>\n","protected":false},"featured_media":546,"comment_status":"open","ping_status":"closed","template":"","meta":[],"product_cat":[25,23,33],"product_tag":[],"_links":{"self":[{"href":"https:\/\/www.marie-picard.com\/index.php\/wp-json\/wp\/v2\/product\/472"}],"collection":[{"href":"https:\/\/www.marie-picard.com\/index.php\/wp-json\/wp\/v2\/product"}],"about":[{"href":"https:\/\/www.marie-picard.com\/index.php\/wp-json\/wp\/v2\/types\/product"}],"replies":[{"embeddable":true,"href":"https:\/\/www.marie-picard.com\/index.php\/wp-json\/wp\/v2\/comments?post=472"}],"wp:featuredmedia":[{"embeddable":true,"href":"https:\/\/www.marie-picard.com\/index.php\/wp-json\/wp\/v2\/media\/546"}],"wp:attachment":[{"href":"https:\/\/www.marie-picard.com\/index.php\/wp-json\/wp\/v2\/media?parent=472"}],"wp:term":[{"taxonomy":"product_cat","embeddable":true,"href":"https:\/\/www.marie-picard.com\/index.php\/wp-json\/wp\/v2\/product_cat?post=472"},{"taxonomy":"product_tag","embeddable":true,"href":"https:\/\/www.marie-picard.com\/index.php\/wp-json\/wp\/v2\/product_tag?post=472"}],"curies":[{"name":"wp","href":"https:\/\/api.w.org\/{rel}","templated":true}]}}