{"id":476,"date":"2018-11-11T09:46:38","date_gmt":"2018-11-11T09:46:38","guid":{"rendered":"https:\/\/www.marie-picard.com\/?post_type=product&#038;p=476"},"modified":"2019-06-10T11:32:39","modified_gmt":"2019-06-10T11:32:39","slug":"sphinx-nemausus","status":"publish","type":"product","link":"https:\/\/www.marie-picard.com\/index.php\/produit\/sphinx-nemausus\/","title":{"rendered":"Sphinx Nemausus"},"content":{"rendered":"","protected":false},"excerpt":{"rendered":"<p>Taille\u00a0: H : 32 cm \u2013 L : 82cm \u2013 l : 38cm<\/p>\n<p>Instrument\u00a0: C\u00e9ramophone modal<\/p>\n<p>Tonalite\u00a0: 9 lames\u00a0: la#o do#1 r\u00e9#1 fa1g#1la#1 do#2 r\u00e9#2fa2<\/p>\n<p>Technique\u00a0: Lames \u00e9maill\u00e9es d\u00e9cor\u00e9es \u00e0 l\u2019or<\/p>\n<p>R\u00e9sonateur en terre \u00e0 fa\u00efence brune polie<\/p>\n","protected":false},"featured_media":522,"comment_status":"open","ping_status":"closed","template":"","meta":[],"product_cat":[24,23,33],"product_tag":[],"_links":{"self":[{"href":"https:\/\/www.marie-picard.com\/index.php\/wp-json\/wp\/v2\/product\/476"}],"collection":[{"href":"https:\/\/www.marie-picard.com\/index.php\/wp-json\/wp\/v2\/product"}],"about":[{"href":"https:\/\/www.marie-picard.com\/index.php\/wp-json\/wp\/v2\/types\/product"}],"replies":[{"embeddable":true,"href":"https:\/\/www.marie-picard.com\/index.php\/wp-json\/wp\/v2\/comments?post=476"}],"wp:featuredmedia":[{"embeddable":true,"href":"https:\/\/www.marie-picard.com\/index.php\/wp-json\/wp\/v2\/media\/522"}],"wp:attachment":[{"href":"https:\/\/www.marie-picard.com\/index.php\/wp-json\/wp\/v2\/media?parent=476"}],"wp:term":[{"taxonomy":"product_cat","embeddable":true,"href":"https:\/\/www.marie-picard.com\/index.php\/wp-json\/wp\/v2\/product_cat?post=476"},{"taxonomy":"product_tag","embeddable":true,"href":"https:\/\/www.marie-picard.com\/index.php\/wp-json\/wp\/v2\/product_tag?post=476"}],"curies":[{"name":"wp","href":"https:\/\/api.w.org\/{rel}","templated":true}]}}