{"id":485,"date":"2018-11-11T12:32:22","date_gmt":"2018-11-11T12:32:22","guid":{"rendered":"https:\/\/www.marie-picard.com\/?post_type=product&#038;p=485"},"modified":"2019-06-10T11:31:09","modified_gmt":"2019-06-10T11:31:09","slug":"dompteuse-de-dragon-chaleur","status":"publish","type":"product","link":"https:\/\/www.marie-picard.com\/index.php\/produit\/dompteuse-de-dragon-chaleur\/","title":{"rendered":"Dompteuse de dragon : \u00abChaleur\u00bb"},"content":{"rendered":"","protected":false},"excerpt":{"rendered":"<p>Taille\u00a0: H : 23cm \u2013 L : 11cm \u2013 l : 10cm<\/p>\n<p>Instrument\u00a0: ocarina chromatique<\/p>\n<p>Tessiture\u00a0: 12 notes chromatiques de Sol#3 \u00e0 Sib5<\/p>\n<p>Technique\u00a0: Terre \u00e0 fa\u00efence blanche polie avec des d\u00e9cors gratt\u00e9s<\/p>\n","protected":false},"featured_media":526,"comment_status":"open","ping_status":"closed","template":"","meta":[],"product_cat":[19,33,18],"product_tag":[],"_links":{"self":[{"href":"https:\/\/www.marie-picard.com\/index.php\/wp-json\/wp\/v2\/product\/485"}],"collection":[{"href":"https:\/\/www.marie-picard.com\/index.php\/wp-json\/wp\/v2\/product"}],"about":[{"href":"https:\/\/www.marie-picard.com\/index.php\/wp-json\/wp\/v2\/types\/product"}],"replies":[{"embeddable":true,"href":"https:\/\/www.marie-picard.com\/index.php\/wp-json\/wp\/v2\/comments?post=485"}],"wp:featuredmedia":[{"embeddable":true,"href":"https:\/\/www.marie-picard.com\/index.php\/wp-json\/wp\/v2\/media\/526"}],"wp:attachment":[{"href":"https:\/\/www.marie-picard.com\/index.php\/wp-json\/wp\/v2\/media?parent=485"}],"wp:term":[{"taxonomy":"product_cat","embeddable":true,"href":"https:\/\/www.marie-picard.com\/index.php\/wp-json\/wp\/v2\/product_cat?post=485"},{"taxonomy":"product_tag","embeddable":true,"href":"https:\/\/www.marie-picard.com\/index.php\/wp-json\/wp\/v2\/product_tag?post=485"}],"curies":[{"name":"wp","href":"https:\/\/api.w.org\/{rel}","templated":true}]}}