{"id":489,"date":"2018-11-11T12:38:08","date_gmt":"2018-11-11T12:38:08","guid":{"rendered":"https:\/\/www.marie-picard.com\/?post_type=product&#038;p=489"},"modified":"2020-11-26T17:17:42","modified_gmt":"2020-11-26T17:17:42","slug":"dragon-blanc-aile","status":"publish","type":"product","link":"https:\/\/www.marie-picard.com\/index.php\/produit\/dragon-blanc-aile\/","title":{"rendered":"Dragon blanc ail\u00e9"},"content":{"rendered":"","protected":false},"excerpt":{"rendered":"<p>Taille\u00a0: H : 25cm \u2013 L : 31cm \u2013 l : 12cm<\/p>\n<p>Instrument\u00a0: ocarina chromatique<\/p>\n<p>Tessiture\u00a0: 14 notes chromatiques du Do#4 au Mib5<\/p>\n<p>Technique\u00a0: Terre \u00e0 fa\u00efence blanche polie avec des d\u00e9cors gratt\u00e9s et enfum\u00e9<\/p>\n","protected":false},"featured_media":467,"comment_status":"open","ping_status":"closed","template":"","meta":[],"product_cat":[19,33,18],"product_tag":[],"_links":{"self":[{"href":"https:\/\/www.marie-picard.com\/index.php\/wp-json\/wp\/v2\/product\/489"}],"collection":[{"href":"https:\/\/www.marie-picard.com\/index.php\/wp-json\/wp\/v2\/product"}],"about":[{"href":"https:\/\/www.marie-picard.com\/index.php\/wp-json\/wp\/v2\/types\/product"}],"replies":[{"embeddable":true,"href":"https:\/\/www.marie-picard.com\/index.php\/wp-json\/wp\/v2\/comments?post=489"}],"wp:featuredmedia":[{"embeddable":true,"href":"https:\/\/www.marie-picard.com\/index.php\/wp-json\/wp\/v2\/media\/467"}],"wp:attachment":[{"href":"https:\/\/www.marie-picard.com\/index.php\/wp-json\/wp\/v2\/media?parent=489"}],"wp:term":[{"taxonomy":"product_cat","embeddable":true,"href":"https:\/\/www.marie-picard.com\/index.php\/wp-json\/wp\/v2\/product_cat?post=489"},{"taxonomy":"product_tag","embeddable":true,"href":"https:\/\/www.marie-picard.com\/index.php\/wp-json\/wp\/v2\/product_tag?post=489"}],"curies":[{"name":"wp","href":"https:\/\/api.w.org\/{rel}","templated":true}]}}