{"id":494,"date":"2018-11-11T12:55:17","date_gmt":"2018-11-11T12:55:17","guid":{"rendered":"https:\/\/www.marie-picard.com\/?post_type=product&#038;p=494"},"modified":"2019-06-10T11:30:05","modified_gmt":"2019-06-10T11:30:05","slug":"galet-sifflet-collier","status":"publish","type":"product","link":"https:\/\/www.marie-picard.com\/index.php\/produit\/galet-sifflet-collier\/","title":{"rendered":"Galet sifflet &#8211; collier"},"content":{"rendered":"","protected":false},"excerpt":{"rendered":"<p>Taille\u00a0: Environ 5 cm de haut<\/p>\n<p>Instrument\u00a0: sifflet tubulaire<\/p>\n<p>Tessiture\u00a0: une octave (position du doigt sur l\u2019ouverture\u00a0: ouverte ou ferm\u00e9e)<\/p>\n<p>Tonalite\u00a0: al\u00e9atoire<\/p>\n<p>Technique\u00a0: terre \u00e0 fa\u00efence rouge enfum\u00e9e (noir) ou non (rouge) avec un d\u00e9cor en empreinte mont\u00e9 sur un lacet r\u00e9glable.<\/p>\n","protected":false},"featured_media":495,"comment_status":"open","ping_status":"closed","template":"","meta":[],"product_cat":[31,18],"product_tag":[],"_links":{"self":[{"href":"https:\/\/www.marie-picard.com\/index.php\/wp-json\/wp\/v2\/product\/494"}],"collection":[{"href":"https:\/\/www.marie-picard.com\/index.php\/wp-json\/wp\/v2\/product"}],"about":[{"href":"https:\/\/www.marie-picard.com\/index.php\/wp-json\/wp\/v2\/types\/product"}],"replies":[{"embeddable":true,"href":"https:\/\/www.marie-picard.com\/index.php\/wp-json\/wp\/v2\/comments?post=494"}],"wp:featuredmedia":[{"embeddable":true,"href":"https:\/\/www.marie-picard.com\/index.php\/wp-json\/wp\/v2\/media\/495"}],"wp:attachment":[{"href":"https:\/\/www.marie-picard.com\/index.php\/wp-json\/wp\/v2\/media?parent=494"}],"wp:term":[{"taxonomy":"product_cat","embeddable":true,"href":"https:\/\/www.marie-picard.com\/index.php\/wp-json\/wp\/v2\/product_cat?post=494"},{"taxonomy":"product_tag","embeddable":true,"href":"https:\/\/www.marie-picard.com\/index.php\/wp-json\/wp\/v2\/product_tag?post=494"}],"curies":[{"name":"wp","href":"https:\/\/api.w.org\/{rel}","templated":true}]}}