{"id":496,"date":"2018-11-11T12:58:04","date_gmt":"2018-11-11T12:58:04","guid":{"rendered":"https:\/\/www.marie-picard.com\/?post_type=product&#038;p=496"},"modified":"2019-09-21T14:37:39","modified_gmt":"2019-09-21T14:37:39","slug":"sifflet-menhir","status":"publish","type":"product","link":"https:\/\/www.marie-picard.com\/index.php\/produit\/sifflet-menhir\/","title":{"rendered":"Sifflet menhir 1"},"content":{"rendered":"","protected":false},"excerpt":{"rendered":"<p>Taille\u00a0: 23 cm environ<\/p>\n<p>Instrument\u00a0: La t\u00eate de la sculpture est un sifflet qui\u00a0 se d\u00e9solidarise du corps, le support.<\/p>\n<p>Ce petit sifflet tubulaire a une tessiture\u00a0 d&rsquo;une octave. L&rsquo;obturation plus ou moins grande de l&rsquo;ouverture du tuyau avec le doigt fait moduler le son: quand le trou est referm\u00e9 le son baisse.<\/p>\n<p>Tonalit\u00e9\u00a0: al\u00e9atoire<\/p>\n<p>Technique\u00a0: terre \u00e0 fa\u00efence blanche cuite en r\u00e9duction (noir)<\/p>\n","protected":false},"featured_media":605,"comment_status":"open","ping_status":"closed","template":"","meta":[],"product_cat":[33,31,18],"product_tag":[],"_links":{"self":[{"href":"https:\/\/www.marie-picard.com\/index.php\/wp-json\/wp\/v2\/product\/496"}],"collection":[{"href":"https:\/\/www.marie-picard.com\/index.php\/wp-json\/wp\/v2\/product"}],"about":[{"href":"https:\/\/www.marie-picard.com\/index.php\/wp-json\/wp\/v2\/types\/product"}],"replies":[{"embeddable":true,"href":"https:\/\/www.marie-picard.com\/index.php\/wp-json\/wp\/v2\/comments?post=496"}],"wp:featuredmedia":[{"embeddable":true,"href":"https:\/\/www.marie-picard.com\/index.php\/wp-json\/wp\/v2\/media\/605"}],"wp:attachment":[{"href":"https:\/\/www.marie-picard.com\/index.php\/wp-json\/wp\/v2\/media?parent=496"}],"wp:term":[{"taxonomy":"product_cat","embeddable":true,"href":"https:\/\/www.marie-picard.com\/index.php\/wp-json\/wp\/v2\/product_cat?post=496"},{"taxonomy":"product_tag","embeddable":true,"href":"https:\/\/www.marie-picard.com\/index.php\/wp-json\/wp\/v2\/product_tag?post=496"}],"curies":[{"name":"wp","href":"https:\/\/api.w.org\/{rel}","templated":true}]}}