{"id":499,"date":"2018-11-11T13:07:36","date_gmt":"2018-11-11T13:07:36","guid":{"rendered":"https:\/\/www.marie-picard.com\/?post_type=product&#038;p=499"},"modified":"2019-06-10T11:29:19","modified_gmt":"2019-06-10T11:29:19","slug":"tambour-avaleur","status":"publish","type":"product","link":"https:\/\/www.marie-picard.com\/index.php\/produit\/tambour-avaleur\/","title":{"rendered":"Tambour avaleur"},"content":{"rendered":"","protected":false},"excerpt":{"rendered":"<p>Taille\u00a0: H : 46 cm \u2013 L : 43 cm \u2013 l : 24 cm<\/p>\n<p>Instrument\u00a0: Tambour sur cadre<\/p>\n<p>Technique\u00a0: Cadre en terre chamott\u00e9e rouge, d\u00e9cors aux engobes<\/p>\n<p><strong>\u00a0\u00a0\u00a0\u00a0\u00a0\u00a0\u00a0\u00a0\u00a0\u00a0\u00a0\u00a0\u00a0\u00a0\u00a0\u00a0\u00a0\u00a0\u00a0\u00a0\u00a0 <\/strong>Peau de ch\u00e8vre d\u00e9cor\u00e9e \u00e0 l\u2019encre<\/p>\n","protected":false},"featured_media":130,"comment_status":"open","ping_status":"closed","template":"","meta":[],"product_cat":[25,23,33],"product_tag":[],"_links":{"self":[{"href":"https:\/\/www.marie-picard.com\/index.php\/wp-json\/wp\/v2\/product\/499"}],"collection":[{"href":"https:\/\/www.marie-picard.com\/index.php\/wp-json\/wp\/v2\/product"}],"about":[{"href":"https:\/\/www.marie-picard.com\/index.php\/wp-json\/wp\/v2\/types\/product"}],"replies":[{"embeddable":true,"href":"https:\/\/www.marie-picard.com\/index.php\/wp-json\/wp\/v2\/comments?post=499"}],"wp:featuredmedia":[{"embeddable":true,"href":"https:\/\/www.marie-picard.com\/index.php\/wp-json\/wp\/v2\/media\/130"}],"wp:attachment":[{"href":"https:\/\/www.marie-picard.com\/index.php\/wp-json\/wp\/v2\/media?parent=499"}],"wp:term":[{"taxonomy":"product_cat","embeddable":true,"href":"https:\/\/www.marie-picard.com\/index.php\/wp-json\/wp\/v2\/product_cat?post=499"},{"taxonomy":"product_tag","embeddable":true,"href":"https:\/\/www.marie-picard.com\/index.php\/wp-json\/wp\/v2\/product_tag?post=499"}],"curies":[{"name":"wp","href":"https:\/\/api.w.org\/{rel}","templated":true}]}}