{"id":503,"date":"2018-11-11T13:22:24","date_gmt":"2018-11-11T13:22:24","guid":{"rendered":"https:\/\/www.marie-picard.com\/?post_type=product&#038;p=503"},"modified":"2019-06-10T11:28:41","modified_gmt":"2019-06-10T11:28:41","slug":"zarb-vernisse","status":"publish","type":"product","link":"https:\/\/www.marie-picard.com\/index.php\/produit\/zarb-vernisse\/","title":{"rendered":"Zarb verniss\u00e9"},"content":{"rendered":"","protected":false},"excerpt":{"rendered":"<p>Taille\u00a0: H\u00a0: 39cm \u2013 L\u00a0: 30,5cm \u2013 l\u00a0: 30,5cm<\/p>\n<p>Instrument\u00a0: Percussion digitale<\/p>\n<p>Technique\u00a0: Terre \u00e0 fa\u00efence blanche d\u00e9cor\u00e9e sous \u00e9mail.<\/p>\n<p>Peau de ch\u00e8vre<\/p>\n","protected":false},"featured_media":531,"comment_status":"open","ping_status":"closed","template":"","meta":[],"product_cat":[25,23,33],"product_tag":[],"_links":{"self":[{"href":"https:\/\/www.marie-picard.com\/index.php\/wp-json\/wp\/v2\/product\/503"}],"collection":[{"href":"https:\/\/www.marie-picard.com\/index.php\/wp-json\/wp\/v2\/product"}],"about":[{"href":"https:\/\/www.marie-picard.com\/index.php\/wp-json\/wp\/v2\/types\/product"}],"replies":[{"embeddable":true,"href":"https:\/\/www.marie-picard.com\/index.php\/wp-json\/wp\/v2\/comments?post=503"}],"wp:featuredmedia":[{"embeddable":true,"href":"https:\/\/www.marie-picard.com\/index.php\/wp-json\/wp\/v2\/media\/531"}],"wp:attachment":[{"href":"https:\/\/www.marie-picard.com\/index.php\/wp-json\/wp\/v2\/media?parent=503"}],"wp:term":[{"taxonomy":"product_cat","embeddable":true,"href":"https:\/\/www.marie-picard.com\/index.php\/wp-json\/wp\/v2\/product_cat?post=503"},{"taxonomy":"product_tag","embeddable":true,"href":"https:\/\/www.marie-picard.com\/index.php\/wp-json\/wp\/v2\/product_tag?post=503"}],"curies":[{"name":"wp","href":"https:\/\/api.w.org\/{rel}","templated":true}]}}