{"id":504,"date":"2018-11-11T13:37:15","date_gmt":"2018-11-11T13:37:15","guid":{"rendered":"https:\/\/www.marie-picard.com\/?post_type=product&#038;p=504"},"modified":"2022-06-14T16:33:17","modified_gmt":"2022-06-14T16:33:17","slug":"rossignol","status":"publish","type":"product","link":"https:\/\/www.marie-picard.com\/index.php\/produit\/rossignol\/","title":{"rendered":"Rossignol"},"content":{"rendered":"","protected":false},"excerpt":{"rendered":"<p>Taille\u00a0: 6 \u00e0 7 cm de hauteur<\/p>\n<p>Instrument\u00a0: sifflet \u00e0 eau<\/p>\n<p>Technique\u00a0: Terre \u00e0 fa\u00efence blanche \u00e9maill\u00e9e en bleu<\/p>\n","protected":false},"featured_media":459,"comment_status":"open","ping_status":"closed","template":"","meta":[],"product_cat":[31,18],"product_tag":[],"_links":{"self":[{"href":"https:\/\/www.marie-picard.com\/index.php\/wp-json\/wp\/v2\/product\/504"}],"collection":[{"href":"https:\/\/www.marie-picard.com\/index.php\/wp-json\/wp\/v2\/product"}],"about":[{"href":"https:\/\/www.marie-picard.com\/index.php\/wp-json\/wp\/v2\/types\/product"}],"replies":[{"embeddable":true,"href":"https:\/\/www.marie-picard.com\/index.php\/wp-json\/wp\/v2\/comments?post=504"}],"wp:featuredmedia":[{"embeddable":true,"href":"https:\/\/www.marie-picard.com\/index.php\/wp-json\/wp\/v2\/media\/459"}],"wp:attachment":[{"href":"https:\/\/www.marie-picard.com\/index.php\/wp-json\/wp\/v2\/media?parent=504"}],"wp:term":[{"taxonomy":"product_cat","embeddable":true,"href":"https:\/\/www.marie-picard.com\/index.php\/wp-json\/wp\/v2\/product_cat?post=504"},{"taxonomy":"product_tag","embeddable":true,"href":"https:\/\/www.marie-picard.com\/index.php\/wp-json\/wp\/v2\/product_tag?post=504"}],"curies":[{"name":"wp","href":"https:\/\/api.w.org\/{rel}","templated":true}]}}