{"id":525,"date":"2018-11-27T10:32:20","date_gmt":"2018-11-27T10:32:20","guid":{"rendered":"https:\/\/www.marie-picard.com\/?post_type=product&#038;p=525"},"modified":"2019-06-10T11:27:00","modified_gmt":"2019-06-10T11:27:00","slug":"langlore-sculpture-sonore","status":"publish","type":"product","link":"https:\/\/www.marie-picard.com\/index.php\/produit\/langlore-sculpture-sonore\/","title":{"rendered":"L&rsquo;Anglore &#8211; sculpture sonore"},"content":{"rendered":"","protected":false},"excerpt":{"rendered":"<p>Sculpture sonore avec 3 trous de jeux<\/p>\n<p>Dimensions: H: 11 cm &#8211; L: 38 cm &#8211; l: 30 cm<\/p>\n<p>Fl\u00fbte globulaire \u00e0 4 sons avec un double son al\u00e9atoire ce qui donne un effet tr\u00e8s particulier.<\/p>\n<p>Technique: Terre \u00e0 fa\u00efence blanche polie<\/p>\n","protected":false},"featured_media":458,"comment_status":"open","ping_status":"closed","template":"","meta":[],"product_cat":[21,33,18],"product_tag":[],"_links":{"self":[{"href":"https:\/\/www.marie-picard.com\/index.php\/wp-json\/wp\/v2\/product\/525"}],"collection":[{"href":"https:\/\/www.marie-picard.com\/index.php\/wp-json\/wp\/v2\/product"}],"about":[{"href":"https:\/\/www.marie-picard.com\/index.php\/wp-json\/wp\/v2\/types\/product"}],"replies":[{"embeddable":true,"href":"https:\/\/www.marie-picard.com\/index.php\/wp-json\/wp\/v2\/comments?post=525"}],"wp:featuredmedia":[{"embeddable":true,"href":"https:\/\/www.marie-picard.com\/index.php\/wp-json\/wp\/v2\/media\/458"}],"wp:attachment":[{"href":"https:\/\/www.marie-picard.com\/index.php\/wp-json\/wp\/v2\/media?parent=525"}],"wp:term":[{"taxonomy":"product_cat","embeddable":true,"href":"https:\/\/www.marie-picard.com\/index.php\/wp-json\/wp\/v2\/product_cat?post=525"},{"taxonomy":"product_tag","embeddable":true,"href":"https:\/\/www.marie-picard.com\/index.php\/wp-json\/wp\/v2\/product_tag?post=525"}],"curies":[{"name":"wp","href":"https:\/\/api.w.org\/{rel}","templated":true}]}}