{"id":610,"date":"2018-12-28T17:07:00","date_gmt":"2018-12-28T17:07:00","guid":{"rendered":"https:\/\/www.marie-picard.com\/?post_type=product&#038;p=610"},"modified":"2019-06-10T11:25:18","modified_gmt":"2019-06-10T11:25:18","slug":"sifflet-2","status":"publish","type":"product","link":"https:\/\/www.marie-picard.com\/index.php\/produit\/sifflet-2\/","title":{"rendered":"Sifflet menhir 2"},"content":{"rendered":"","protected":false},"excerpt":{"rendered":"<p>Taille : 23 cm environ<br \/>\nInstrument : La t\u00eate de la sculpture est un sifflet qui se d\u00e9solidarise du corps, le support.<br \/>\nCe petit sifflet tubulaire a une tessiture d&rsquo;une octave. L&rsquo;obturation plus ou moins grande de l&rsquo;ouverture du tuyau avec le doigt fait moduler le son: quand le trou est referm\u00e9 le son baisse.<br \/>\nTonalit\u00e9 : al\u00e9atoire<br \/>\nTechnique : terre \u00e0 fa\u00efence blanche cuite en r\u00e9duction (noir)<\/p>\n","protected":false},"featured_media":612,"comment_status":"open","ping_status":"closed","template":"","meta":[],"product_cat":[33,31,18],"product_tag":[],"_links":{"self":[{"href":"https:\/\/www.marie-picard.com\/index.php\/wp-json\/wp\/v2\/product\/610"}],"collection":[{"href":"https:\/\/www.marie-picard.com\/index.php\/wp-json\/wp\/v2\/product"}],"about":[{"href":"https:\/\/www.marie-picard.com\/index.php\/wp-json\/wp\/v2\/types\/product"}],"replies":[{"embeddable":true,"href":"https:\/\/www.marie-picard.com\/index.php\/wp-json\/wp\/v2\/comments?post=610"}],"wp:featuredmedia":[{"embeddable":true,"href":"https:\/\/www.marie-picard.com\/index.php\/wp-json\/wp\/v2\/media\/612"}],"wp:attachment":[{"href":"https:\/\/www.marie-picard.com\/index.php\/wp-json\/wp\/v2\/media?parent=610"}],"wp:term":[{"taxonomy":"product_cat","embeddable":true,"href":"https:\/\/www.marie-picard.com\/index.php\/wp-json\/wp\/v2\/product_cat?post=610"},{"taxonomy":"product_tag","embeddable":true,"href":"https:\/\/www.marie-picard.com\/index.php\/wp-json\/wp\/v2\/product_tag?post=610"}],"curies":[{"name":"wp","href":"https:\/\/api.w.org\/{rel}","templated":true}]}}