{"id":673,"date":"2019-02-04T16:23:57","date_gmt":"2019-02-04T16:23:57","guid":{"rendered":"https:\/\/www.marie-picard.com\/?post_type=product&#038;p=673"},"modified":"2019-06-10T11:26:09","modified_gmt":"2019-06-10T11:26:09","slug":"zarb-dore","status":"publish","type":"product","link":"https:\/\/www.marie-picard.com\/index.php\/produit\/zarb-dore\/","title":{"rendered":"Zarb dor\u00e9"},"content":{"rendered":"","protected":false},"excerpt":{"rendered":"<p>Taille\u00a0: H\u00a0: 37cm \u2013 L\u00a0: 26,5cm \u2013 l\u00a0: 26,5cm<\/p>\n<p>Instrument\u00a0: Percussion digitale<\/p>\n<p>Technique\u00a0: Terre \u00e0 fa\u00efence blanche d\u00e9cors sur \u00e9mail finition\u00a0 or.<\/p>\n<p>Peau de ch\u00e8vre<\/p>\n","protected":false},"featured_media":674,"comment_status":"open","ping_status":"closed","template":"","meta":[],"product_cat":[25,23,33],"product_tag":[],"_links":{"self":[{"href":"https:\/\/www.marie-picard.com\/index.php\/wp-json\/wp\/v2\/product\/673"}],"collection":[{"href":"https:\/\/www.marie-picard.com\/index.php\/wp-json\/wp\/v2\/product"}],"about":[{"href":"https:\/\/www.marie-picard.com\/index.php\/wp-json\/wp\/v2\/types\/product"}],"replies":[{"embeddable":true,"href":"https:\/\/www.marie-picard.com\/index.php\/wp-json\/wp\/v2\/comments?post=673"}],"wp:featuredmedia":[{"embeddable":true,"href":"https:\/\/www.marie-picard.com\/index.php\/wp-json\/wp\/v2\/media\/674"}],"wp:attachment":[{"href":"https:\/\/www.marie-picard.com\/index.php\/wp-json\/wp\/v2\/media?parent=673"}],"wp:term":[{"taxonomy":"product_cat","embeddable":true,"href":"https:\/\/www.marie-picard.com\/index.php\/wp-json\/wp\/v2\/product_cat?post=673"},{"taxonomy":"product_tag","embeddable":true,"href":"https:\/\/www.marie-picard.com\/index.php\/wp-json\/wp\/v2\/product_tag?post=673"}],"curies":[{"name":"wp","href":"https:\/\/api.w.org\/{rel}","templated":true}]}}