{"id":675,"date":"2019-02-04T16:36:43","date_gmt":"2019-02-04T16:36:43","guid":{"rendered":"https:\/\/www.marie-picard.com\/?post_type=product&#038;p=675"},"modified":"2019-06-10T11:25:57","modified_gmt":"2019-06-10T11:25:57","slug":"zarb-bleu-oriental","status":"publish","type":"product","link":"https:\/\/www.marie-picard.com\/index.php\/produit\/zarb-bleu-oriental\/","title":{"rendered":"Zarb bleu oriental"},"content":{"rendered":"","protected":false},"excerpt":{"rendered":"<p>Taille\u00a0: H\u00a0: 34cm \u2013 L\u00a0: 27,5cm \u2013 l\u00a0: 27,5cm<\/p>\n<p>Instrument\u00a0: Percussion digitale<\/p>\n<p>Technique\u00a0: Terre \u00e0 fa\u00efence blanche d\u00e9cors gratt\u00e9s dans l&rsquo;engobe noire sous \u00e9mail bleu<\/p>\n<p>Peau de ch\u00e8vre<\/p>\n","protected":false},"featured_media":676,"comment_status":"open","ping_status":"closed","template":"","meta":[],"product_cat":[25,23,33],"product_tag":[],"_links":{"self":[{"href":"https:\/\/www.marie-picard.com\/index.php\/wp-json\/wp\/v2\/product\/675"}],"collection":[{"href":"https:\/\/www.marie-picard.com\/index.php\/wp-json\/wp\/v2\/product"}],"about":[{"href":"https:\/\/www.marie-picard.com\/index.php\/wp-json\/wp\/v2\/types\/product"}],"replies":[{"embeddable":true,"href":"https:\/\/www.marie-picard.com\/index.php\/wp-json\/wp\/v2\/comments?post=675"}],"wp:featuredmedia":[{"embeddable":true,"href":"https:\/\/www.marie-picard.com\/index.php\/wp-json\/wp\/v2\/media\/676"}],"wp:attachment":[{"href":"https:\/\/www.marie-picard.com\/index.php\/wp-json\/wp\/v2\/media?parent=675"}],"wp:term":[{"taxonomy":"product_cat","embeddable":true,"href":"https:\/\/www.marie-picard.com\/index.php\/wp-json\/wp\/v2\/product_cat?post=675"},{"taxonomy":"product_tag","embeddable":true,"href":"https:\/\/www.marie-picard.com\/index.php\/wp-json\/wp\/v2\/product_tag?post=675"}],"curies":[{"name":"wp","href":"https:\/\/api.w.org\/{rel}","templated":true}]}}