{"id":683,"date":"2019-05-06T09:59:26","date_gmt":"2019-05-06T09:59:26","guid":{"rendered":"https:\/\/www.marie-picard.com\/?post_type=product&#038;p=683"},"modified":"2021-02-03T09:47:05","modified_gmt":"2021-02-03T09:47:05","slug":"vouivre-flute-harmonique","status":"publish","type":"product","link":"https:\/\/www.marie-picard.com\/index.php\/produit\/vouivre-flute-harmonique\/","title":{"rendered":"Vouivre -Fl\u00fbte harmonique"},"content":{"rendered":"","protected":false},"excerpt":{"rendered":"<p>Taille\u00a0: H\u00a0: 6 cm &#8211; L: 31 cm\u00a0 \u00a0&#8211; l\u00a0: 31 cm<\/p>\n<p>Instrument\u00a0: Fl\u00fbte harmonique en R\u00e9 ou do grave.<\/p>\n<p>Technique\u00a0: Terre \u00e0 fa\u00efence blanche polie avec des d\u00e9cors gratt\u00e9s et enfum\u00e9e<\/p>\n","protected":false},"featured_media":684,"comment_status":"open","ping_status":"closed","template":"","meta":[],"product_cat":[21,18],"product_tag":[],"_links":{"self":[{"href":"https:\/\/www.marie-picard.com\/index.php\/wp-json\/wp\/v2\/product\/683"}],"collection":[{"href":"https:\/\/www.marie-picard.com\/index.php\/wp-json\/wp\/v2\/product"}],"about":[{"href":"https:\/\/www.marie-picard.com\/index.php\/wp-json\/wp\/v2\/types\/product"}],"replies":[{"embeddable":true,"href":"https:\/\/www.marie-picard.com\/index.php\/wp-json\/wp\/v2\/comments?post=683"}],"wp:featuredmedia":[{"embeddable":true,"href":"https:\/\/www.marie-picard.com\/index.php\/wp-json\/wp\/v2\/media\/684"}],"wp:attachment":[{"href":"https:\/\/www.marie-picard.com\/index.php\/wp-json\/wp\/v2\/media?parent=683"}],"wp:term":[{"taxonomy":"product_cat","embeddable":true,"href":"https:\/\/www.marie-picard.com\/index.php\/wp-json\/wp\/v2\/product_cat?post=683"},{"taxonomy":"product_tag","embeddable":true,"href":"https:\/\/www.marie-picard.com\/index.php\/wp-json\/wp\/v2\/product_tag?post=683"}],"curies":[{"name":"wp","href":"https:\/\/api.w.org\/{rel}","templated":true}]}}