{"id":699,"date":"2019-05-06T12:56:31","date_gmt":"2019-05-06T12:56:31","guid":{"rendered":"https:\/\/www.marie-picard.com\/?post_type=product&#038;p=699"},"modified":"2019-06-10T11:20:32","modified_gmt":"2019-06-10T11:20:32","slug":"petadou-bleu","status":"publish","type":"product","link":"https:\/\/www.marie-picard.com\/index.php\/produit\/petadou-bleu\/","title":{"rendered":"Petadou Bleu"},"content":{"rendered":"","protected":false},"excerpt":{"rendered":"<p>Taille\u00a0: H\u00a0: 43cm \u2013 L\u00a0: 15,5cm \u2013 l\u00a0: 15.5cm<\/p>\n<p>Instrument\u00a0: Tambour \u00e0 friction, le b\u00e2ton est frott\u00e9 avec les mains humides pour faire vibrer la peau<\/p>\n<p>Technique \u00a0: Terre \u00e0 fa\u00efence blanche \u00e9maill\u00e9e bleu, peau de ch\u00e8vre, tige de canne de Provence.<\/p>\n<p>Existe aussi non \u00e9maill\u00e9 en terre rouge et dans d&rsquo;autres dimensions.<\/p>\n<p>&nbsp;<\/p>\n","protected":false},"featured_media":700,"comment_status":"open","ping_status":"closed","template":"","meta":[],"product_cat":[25,23],"product_tag":[],"_links":{"self":[{"href":"https:\/\/www.marie-picard.com\/index.php\/wp-json\/wp\/v2\/product\/699"}],"collection":[{"href":"https:\/\/www.marie-picard.com\/index.php\/wp-json\/wp\/v2\/product"}],"about":[{"href":"https:\/\/www.marie-picard.com\/index.php\/wp-json\/wp\/v2\/types\/product"}],"replies":[{"embeddable":true,"href":"https:\/\/www.marie-picard.com\/index.php\/wp-json\/wp\/v2\/comments?post=699"}],"wp:featuredmedia":[{"embeddable":true,"href":"https:\/\/www.marie-picard.com\/index.php\/wp-json\/wp\/v2\/media\/700"}],"wp:attachment":[{"href":"https:\/\/www.marie-picard.com\/index.php\/wp-json\/wp\/v2\/media?parent=699"}],"wp:term":[{"taxonomy":"product_cat","embeddable":true,"href":"https:\/\/www.marie-picard.com\/index.php\/wp-json\/wp\/v2\/product_cat?post=699"},{"taxonomy":"product_tag","embeddable":true,"href":"https:\/\/www.marie-picard.com\/index.php\/wp-json\/wp\/v2\/product_tag?post=699"}],"curies":[{"name":"wp","href":"https:\/\/api.w.org\/{rel}","templated":true}]}}