{"id":764,"date":"2019-09-23T14:34:01","date_gmt":"2019-09-23T14:34:01","guid":{"rendered":"https:\/\/www.marie-picard.com\/?post_type=product&#038;p=764"},"modified":"2020-12-11T16:19:59","modified_gmt":"2020-12-11T16:19:59","slug":"flute-harmonique-re-4","status":"publish","type":"product","link":"https:\/\/www.marie-picard.com\/index.php\/produit\/flute-harmonique-re-4\/","title":{"rendered":"Fl\u00fbte harmonique R\u00e9 4"},"content":{"rendered":"","protected":false},"excerpt":{"rendered":"<p>Taille : H : 3,5 cm &#8211; L: 62 cm &#8211; l : 10 cm<\/p>\n<p>Instrument\u00a0: Fl\u00fbte harmonique, se joue avec l\u2019intensit\u00e9 du souffle et l\u2019ouverture ou fermeture du tuyau<\/p>\n<p>Tonalit\u00e9 : R\u00e9<\/p>\n<p>Tessiture :\u00a0r\u00e94-la4-r\u00e95-fa#5-la5-do6-r\u00e96-mi6-fa#6-sol#6-la6-si6-do7-do#7-r\u00e97-r\u00e9#7-mi7-fa#7<\/p>\n<p>Technique c\u00e9ramique\u00a0: Terre \u00e0 fa\u00efence blanche polie avec des d\u00e9cors gratt\u00e9s et enfum\u00e9<\/p>\n<p>&nbsp;<\/p>\n<p>Existe \u00e9galement do4, sol4, do3 (vouivre), \u00a0r\u00e93 (vouivre) et sol3<\/p>\n","protected":false},"featured_media":695,"comment_status":"open","ping_status":"closed","template":"","meta":[],"product_cat":[21,18],"product_tag":[],"_links":{"self":[{"href":"https:\/\/www.marie-picard.com\/index.php\/wp-json\/wp\/v2\/product\/764"}],"collection":[{"href":"https:\/\/www.marie-picard.com\/index.php\/wp-json\/wp\/v2\/product"}],"about":[{"href":"https:\/\/www.marie-picard.com\/index.php\/wp-json\/wp\/v2\/types\/product"}],"replies":[{"embeddable":true,"href":"https:\/\/www.marie-picard.com\/index.php\/wp-json\/wp\/v2\/comments?post=764"}],"wp:featuredmedia":[{"embeddable":true,"href":"https:\/\/www.marie-picard.com\/index.php\/wp-json\/wp\/v2\/media\/695"}],"wp:attachment":[{"href":"https:\/\/www.marie-picard.com\/index.php\/wp-json\/wp\/v2\/media?parent=764"}],"wp:term":[{"taxonomy":"product_cat","embeddable":true,"href":"https:\/\/www.marie-picard.com\/index.php\/wp-json\/wp\/v2\/product_cat?post=764"},{"taxonomy":"product_tag","embeddable":true,"href":"https:\/\/www.marie-picard.com\/index.php\/wp-json\/wp\/v2\/product_tag?post=764"}],"curies":[{"name":"wp","href":"https:\/\/api.w.org\/{rel}","templated":true}]}}