{"id":824,"date":"2020-11-26T18:02:04","date_gmt":"2020-11-26T18:02:04","guid":{"rendered":"https:\/\/www.marie-picard.com\/?post_type=product&#038;p=824"},"modified":"2020-11-26T18:09:40","modified_gmt":"2020-11-26T18:09:40","slug":"ocarina-collier-chromatique","status":"publish","type":"product","link":"https:\/\/www.marie-picard.com\/index.php\/produit\/ocarina-collier-chromatique\/","title":{"rendered":"Ocarina collier chromatique"},"content":{"rendered":"<p>( Egypt-P2)<\/p>\n","protected":false},"excerpt":{"rendered":"<p>Instrument\u00a0: Fl\u00fbte globulaire chromatique<\/p>\n<p>Taille : H: 3,5 cm\u00a0 L : 7cm\u00a0 l: 7 cm<\/p>\n<p>Tessiture: Une octave chromatique avec les 5 trous du dessus + 2 tons au dessus de l&rsquo;octave avec 2 trous\u00a0 dessous l&rsquo;instrument<\/p>\n<p>Tonalit\u00e9: Fa<\/p>\n<p>Technique : Terre \u00e0 fa\u00efence blanche polie cuite en r\u00e9duction avec des d\u00e9cors imprim\u00e9s et touche d&rsquo;\u00e9mail rouge. Cordon en coton noir.<\/p>\n<p>La tablature est fournie avec l&rsquo;ocarina<\/p>\n","protected":false},"featured_media":822,"comment_status":"open","ping_status":"closed","template":"","meta":[],"product_cat":[19,18],"product_tag":[],"_links":{"self":[{"href":"https:\/\/www.marie-picard.com\/index.php\/wp-json\/wp\/v2\/product\/824"}],"collection":[{"href":"https:\/\/www.marie-picard.com\/index.php\/wp-json\/wp\/v2\/product"}],"about":[{"href":"https:\/\/www.marie-picard.com\/index.php\/wp-json\/wp\/v2\/types\/product"}],"replies":[{"embeddable":true,"href":"https:\/\/www.marie-picard.com\/index.php\/wp-json\/wp\/v2\/comments?post=824"}],"wp:featuredmedia":[{"embeddable":true,"href":"https:\/\/www.marie-picard.com\/index.php\/wp-json\/wp\/v2\/media\/822"}],"wp:attachment":[{"href":"https:\/\/www.marie-picard.com\/index.php\/wp-json\/wp\/v2\/media?parent=824"}],"wp:term":[{"taxonomy":"product_cat","embeddable":true,"href":"https:\/\/www.marie-picard.com\/index.php\/wp-json\/wp\/v2\/product_cat?post=824"},{"taxonomy":"product_tag","embeddable":true,"href":"https:\/\/www.marie-picard.com\/index.php\/wp-json\/wp\/v2\/product_tag?post=824"}],"curies":[{"name":"wp","href":"https:\/\/api.w.org\/{rel}","templated":true}]}}