{"id":825,"date":"2020-11-26T18:42:55","date_gmt":"2020-11-26T18:42:55","guid":{"rendered":"https:\/\/www.marie-picard.com\/?post_type=product&#038;p=825"},"modified":"2025-04-24T13:01:27","modified_gmt":"2025-04-24T13:01:27","slug":"ocarina-collier-4-notes","status":"publish","type":"product","link":"https:\/\/www.marie-picard.com\/index.php\/produit\/ocarina-collier-4-notes\/","title":{"rendered":"Ocarina collier 4 notes"},"content":{"rendered":"","protected":false},"excerpt":{"rendered":"<p>Petite flute globulaire avec 2 trous de jeux sous l&rsquo;instrument. Il y a 4 doigt\u00e9s diff\u00e9rents pour produire 4 notes ( non diapasonn\u00e9es) diff\u00e9rentes.<\/p>\n<p>Taille: Environ L: 5 cm\u00a0 l: 4 cm\u00a0 H: 2 cm<\/p>\n<p>Description: terre blanche polie et enfum\u00e9 avec un d\u00e9cors \u00e9maill\u00e9 bleu. Cordon en coton noir r\u00e9glable.<\/p>\n","protected":false},"featured_media":827,"comment_status":"open","ping_status":"closed","template":"","meta":[],"product_cat":[19,31,18],"product_tag":[],"_links":{"self":[{"href":"https:\/\/www.marie-picard.com\/index.php\/wp-json\/wp\/v2\/product\/825"}],"collection":[{"href":"https:\/\/www.marie-picard.com\/index.php\/wp-json\/wp\/v2\/product"}],"about":[{"href":"https:\/\/www.marie-picard.com\/index.php\/wp-json\/wp\/v2\/types\/product"}],"replies":[{"embeddable":true,"href":"https:\/\/www.marie-picard.com\/index.php\/wp-json\/wp\/v2\/comments?post=825"}],"wp:featuredmedia":[{"embeddable":true,"href":"https:\/\/www.marie-picard.com\/index.php\/wp-json\/wp\/v2\/media\/827"}],"wp:attachment":[{"href":"https:\/\/www.marie-picard.com\/index.php\/wp-json\/wp\/v2\/media?parent=825"}],"wp:term":[{"taxonomy":"product_cat","embeddable":true,"href":"https:\/\/www.marie-picard.com\/index.php\/wp-json\/wp\/v2\/product_cat?post=825"},{"taxonomy":"product_tag","embeddable":true,"href":"https:\/\/www.marie-picard.com\/index.php\/wp-json\/wp\/v2\/product_tag?post=825"}],"curies":[{"name":"wp","href":"https:\/\/api.w.org\/{rel}","templated":true}]}}